{"id":542,"date":"2015-03-12T12:55:02","date_gmt":"2015-03-12T12:55:02","guid":{"rendered":"http:\/\/aficorte.com\/?post_type=product&#038;p=542"},"modified":"2015-03-17T09:33:53","modified_gmt":"2015-03-17T09:33:53","slug":"fresas-frontales-para-industria-de-la-madera","status":"publish","type":"product","link":"https:\/\/aficorte.com\/?product=fresas-frontales-para-industria-de-la-madera","title":{"rendered":"Fresas frontales para industria de la madera"},"content":{"rendered":"<p><strong>FRESAS FRONTALES DE WIDIA CON GEOMETR\u00cdA ESPECIAL PARA LA MADERA<\/strong><\/p>\n<p><a href=\"http:\/\/aficorte.com\/wp-content\/uploads\/2015\/03\/fresas_frontales_industria_madera.jpg\"><img loading=\"lazy\" decoding=\"async\" class=\"alignleft size-full wp-image-543\" src=\"http:\/\/aficorte.com\/wp-content\/uploads\/2015\/03\/fresas_frontales_industria_madera.jpg\" alt=\"fresas_frontales_industria_madera\" width=\"843\" height=\"513\" srcset=\"https:\/\/aficorte.com\/wp-content\/uploads\/2015\/03\/fresas_frontales_industria_madera.jpg 843w, https:\/\/aficorte.com\/wp-content\/uploads\/2015\/03\/fresas_frontales_industria_madera-300x183.jpg 300w\" sizes=\"(max-width: 843px) 100vw, 843px\" \/><\/a><\/p>\n<table width=\"90%\">\n<tbody>\n<tr>\n<td width=\"50%\">Caracter\u00edsticas de de nuestras fresas especiales para madera:<\/p>\n<p>&#8211; Mayor \u00e1ngulo axial<br \/>\n&#8211; M\u00e1s grados de frente, de periferia y de canal<br \/>\n&#8211; Mayores longitudes de corte*<br \/>\n&#8211;\u00a0Posibilidad de poco \u00e1ngulo de h\u00e9lice<\/p>\n<p>* Con longitudes largas y sobre todo de di\u00e1metros peque\u00f1os, hay que extremar la precauci\u00f3n por posible ruptura de la fresa.<\/p>\n<p>CONSULTE LOS RECUBRIMIENTOS PARA REDUCIR EL DESGASTE DE LA FRESA, AUMENTAR SU RENDIMIENTO Y MINIMIZAR EL CALENTAMIENTO EN EL FRESADO.<\/p>\n<p>DISPONEMOS DE DIAMETROS MENORES Y MAYORES, ASI COMO INTERMEDIOS.<\/p>\n<p>SE PUEDEN SUMINISTRAR LONGITUDES DIFERENTES.<\/td>\n<\/tr>\n<tr>\n<td width=\"50%\"><\/td>\n<\/tr>\n<\/tbody>\n<\/table>\n<p><strong>\u00a0<\/strong><\/p>\n<table width=\"612\">\n<tbody>\n<tr>\n<td>\n<table width=\"89%\">\n<tbody>\n<tr>\n<td width=\"73\">Ref.<\/td>\n<td width=\"73\">DI\u00c1METRO<\/td>\n<td width=\"73\">LONGITUD TOTAL<\/td>\n<td width=\"73\">LONGITUD DE FILOS<\/td>\n<td width=\"73\">N\u00daMERO DE DIENTES<\/td>\n<td width=\"67\">GRADOS H\u00c9LICE<\/td>\n<\/tr>\n<tr>\n<td width=\"64\">Y128<\/td>\n<td width=\"73\">4<\/td>\n<td width=\"73\">50<\/td>\n<td width=\"73\">20<\/td>\n<td width=\"73\">2<\/td>\n<td width=\"67\">10 a 30<\/td>\n<\/tr>\n<tr>\n<td>Y129<\/td>\n<td width=\"73\">4<\/td>\n<td width=\"73\">75<\/td>\n<td width=\"73\">40<\/td>\n<td width=\"73\">2<\/td>\n<td width=\"67\">10 a 30<\/td>\n<\/tr>\n<tr>\n<td>Y130<\/td>\n<td width=\"73\">4<\/td>\n<td width=\"73\">100<\/td>\n<td width=\"73\">50<\/td>\n<td width=\"73\">2<\/td>\n<td width=\"67\">10 a 30<\/td>\n<\/tr>\n<tr>\n<td>Y131<\/td>\n<td width=\"73\">5<\/td>\n<td width=\"73\">60<\/td>\n<td width=\"73\">20<\/td>\n<td width=\"73\">2<\/td>\n<td width=\"67\">10 a 30<\/td>\n<\/tr>\n<tr>\n<td>Y132<\/td>\n<td width=\"73\">5<\/td>\n<td width=\"73\">75<\/td>\n<td width=\"73\">40<\/td>\n<td width=\"73\">2<\/td>\n<td width=\"67\">10 a 30<\/td>\n<\/tr>\n<tr>\n<td>Y133<\/td>\n<td width=\"73\">5<\/td>\n<td width=\"73\">105<\/td>\n<td width=\"73\">50<\/td>\n<td width=\"73\">2<\/td>\n<td width=\"67\">10 a 30<\/td>\n<\/tr>\n<tr>\n<td>Y134<\/td>\n<td width=\"73\">6<\/td>\n<td width=\"73\">60<\/td>\n<td width=\"73\">25<\/td>\n<td width=\"73\">2 \u00f3 3<\/td>\n<td width=\"67\">10 a 30<\/td>\n<\/tr>\n<tr>\n<td>Y135<\/td>\n<td width=\"73\">6<\/td>\n<td width=\"73\">105<\/td>\n<td width=\"73\">45<\/td>\n<td width=\"73\">2 \u00f3 3<\/td>\n<td width=\"67\">10 a 30<\/td>\n<\/tr>\n<tr>\n<td>Y136<\/td>\n<td width=\"73\">6<\/td>\n<td width=\"73\">150<\/td>\n<td width=\"73\">55<\/td>\n<td width=\"73\">2 \u00f3 3<\/td>\n<td width=\"67\">10 a 30<\/td>\n<\/tr>\n<tr>\n<td>Y137<\/td>\n<td width=\"73\">7<\/td>\n<td width=\"73\">60<\/td>\n<td width=\"73\">25<\/td>\n<td width=\"73\">2 \u00f3 3<\/td>\n<td width=\"67\">10 a 30<\/td>\n<\/tr>\n<tr>\n<td>Y138<\/td>\n<td width=\"73\">7<\/td>\n<td width=\"73\">105<\/td>\n<td width=\"73\">45<\/td>\n<td width=\"73\">2 \u00f3 3<\/td>\n<td width=\"67\">10 a 30<\/td>\n<\/tr>\n<tr>\n<td>Y139<\/td>\n<td width=\"73\">7<\/td>\n<td width=\"73\">150<\/td>\n<td width=\"73\">55<\/td>\n<td width=\"73\">2 \u00f3 3<\/td>\n<td width=\"67\">10 a 30<\/td>\n<\/tr>\n<tr>\n<td>Y140<\/td>\n<td width=\"73\">8<\/td>\n<td width=\"73\">75<\/td>\n<td width=\"73\">30<\/td>\n<td width=\"73\">2 \u00f3 3<\/td>\n<td width=\"67\">10 a 30<\/td>\n<\/tr>\n<tr>\n<td>Y141<\/td>\n<td width=\"73\">8<\/td>\n<td width=\"73\">105<\/td>\n<td width=\"73\">50<\/td>\n<td width=\"73\">2 \u00f3 3<\/td>\n<td width=\"67\">10 a 30<\/td>\n<\/tr>\n<tr>\n<td>Y142<\/td>\n<td width=\"73\">8<\/td>\n<td width=\"73\">155<\/td>\n<td width=\"73\">60<\/td>\n<td width=\"73\">2 \u00f3 3<\/td>\n<td width=\"67\">10 a 30<\/td>\n<\/tr>\n<tr>\n<td>Y143<\/td>\n<td width=\"73\">9<\/td>\n<td width=\"73\">75<\/td>\n<td width=\"73\">30<\/td>\n<td width=\"73\">2 \u00f3 3<\/td>\n<td width=\"67\">10 a 30<\/td>\n<\/tr>\n<tr>\n<td>Y144<\/td>\n<td width=\"73\">9<\/td>\n<td width=\"73\">105<\/td>\n<td width=\"73\">50<\/td>\n<td width=\"73\">2 \u00f3 3<\/td>\n<td width=\"67\">10 a 30<\/td>\n<\/tr>\n<tr>\n<td>Y145<\/td>\n<td width=\"73\">9<\/td>\n<td width=\"73\">155<\/td>\n<td width=\"73\">60<\/td>\n<td width=\"73\">2 \u00f3 3<\/td>\n<td width=\"67\">10 a 30<\/td>\n<\/tr>\n<tr>\n<td>Y146<\/td>\n<td width=\"73\">10<\/td>\n<td width=\"73\">75<\/td>\n<td width=\"73\">30<\/td>\n<td width=\"73\">2, 3 \u00f3 4<\/td>\n<td width=\"67\">10 a 35<\/td>\n<\/tr>\n<tr>\n<td>Y147<\/td>\n<td width=\"73\">10<\/td>\n<td width=\"73\">105<\/td>\n<td width=\"73\">60<\/td>\n<td width=\"73\">2, 3 \u00f3 4<\/td>\n<td width=\"67\">10 a 35<\/td>\n<\/tr>\n<tr>\n<td>Y148<\/td>\n<td width=\"73\">10<\/td>\n<td width=\"73\">155<\/td>\n<td width=\"73\">70<\/td>\n<td width=\"73\">2, 3 \u00f3 4<\/td>\n<td width=\"67\">10 a 35<\/td>\n<\/tr>\n<tr>\n<td>Y149<\/td>\n<td width=\"73\">11<\/td>\n<td width=\"73\">75<\/td>\n<td width=\"73\">35<\/td>\n<td width=\"73\">2, 3 \u00f3 4<\/td>\n<td width=\"67\">10 a 35<\/td>\n<\/tr>\n<tr>\n<td>Y150<\/td>\n<td width=\"73\">11<\/td>\n<td width=\"73\">105<\/td>\n<td width=\"73\">60<\/td>\n<td width=\"73\">2, 3 \u00f3 4<\/td>\n<td width=\"67\">10 a 35<\/td>\n<\/tr>\n<tr>\n<td>Y151<\/td>\n<td width=\"73\">11<\/td>\n<td width=\"73\">155<\/td>\n<td width=\"73\">70<\/td>\n<td width=\"73\">2, 3 \u00f3 4<\/td>\n<td width=\"67\">10 a 35<\/td>\n<\/tr>\n<tr>\n<td>Y152<\/td>\n<td width=\"73\">12<\/td>\n<td width=\"73\">90<\/td>\n<td width=\"73\">35<\/td>\n<td width=\"73\">2, 3 \u00f3 4<\/td>\n<td width=\"67\">10 a 35<\/td>\n<\/tr>\n<tr>\n<td>Y153<\/td>\n<td width=\"73\">12<\/td>\n<td width=\"73\">105<\/td>\n<td width=\"73\">60<\/td>\n<td width=\"73\">2, 3 \u00f3 4<\/td>\n<td width=\"67\">10 a 35<\/td>\n<\/tr>\n<tr>\n<td>Y154<\/td>\n<td width=\"73\">12<\/td>\n<td width=\"73\">155<\/td>\n<td width=\"73\">70<\/td>\n<td width=\"73\">2, 3 \u00f3 4<\/td>\n<td width=\"67\">10 a 35<\/td>\n<\/tr>\n<tr>\n<td>Y155<\/td>\n<td width=\"73\">13<\/td>\n<td width=\"73\">90<\/td>\n<td width=\"73\">35<\/td>\n<td width=\"73\">2, 3 \u00f3 4<\/td>\n<td width=\"67\">10 a 35<\/td>\n<\/tr>\n<tr>\n<td>Y156<\/td>\n<td width=\"73\">13<\/td>\n<td width=\"73\">105<\/td>\n<td width=\"73\">60<\/td>\n<td width=\"73\">2, 3 \u00f3 4<\/td>\n<td width=\"67\">10 a 35<\/td>\n<\/tr>\n<tr>\n<td>Y157<\/td>\n<td width=\"73\">13<\/td>\n<td width=\"73\">155<\/td>\n<td width=\"73\">70<\/td>\n<td width=\"73\">2, 3 \u00f3 4<\/td>\n<td width=\"67\">10 a 35<\/td>\n<\/tr>\n<tr>\n<td>Y158<\/td>\n<td width=\"73\">14<\/td>\n<td width=\"73\">90<\/td>\n<td width=\"73\">35<\/td>\n<td width=\"73\">2, 3 \u00f3 4<\/td>\n<td width=\"67\">10 a 35<\/td>\n<\/tr>\n<tr>\n<td>Y159<\/td>\n<td width=\"73\">14<\/td>\n<td width=\"73\">105<\/td>\n<td width=\"73\">60<\/td>\n<td width=\"73\">2, 3 \u00f3 4<\/td>\n<td width=\"67\">10 a 35<\/td>\n<\/tr>\n<tr>\n<td>Y160<\/td>\n<td width=\"73\">14<\/td>\n<td width=\"73\">155<\/td>\n<td width=\"73\">70<\/td>\n<td width=\"73\">2, 3 \u00f3 4<\/td>\n<td width=\"67\">10 a 35<\/td>\n<\/tr>\n<tr>\n<td>Y161<\/td>\n<td width=\"73\">15<\/td>\n<td width=\"73\">90<\/td>\n<td width=\"73\">35<\/td>\n<td width=\"73\">2, 3 \u00f3 4<\/td>\n<td width=\"67\">10 a 35<\/td>\n<\/tr>\n<tr>\n<td>Y162<\/td>\n<td width=\"73\">15<\/td>\n<td width=\"73\">105<\/td>\n<td width=\"73\">60<\/td>\n<td width=\"73\">2, 3 \u00f3 4<\/td>\n<td width=\"67\">10 a 35<\/td>\n<\/tr>\n<tr>\n<td>Y163<\/td>\n<td width=\"73\">15<\/td>\n<td width=\"73\">155<\/td>\n<td width=\"73\">70<\/td>\n<td width=\"73\">2, 3 \u00f3 4<\/td>\n<td width=\"67\">10 a 35<\/td>\n<\/tr>\n<tr>\n<td>Y164<\/td>\n<td width=\"73\">16<\/td>\n<td width=\"73\">105<\/td>\n<td width=\"73\">35<\/td>\n<td width=\"73\">2, 3 \u00f3 4<\/td>\n<td width=\"67\">10 a 35<\/td>\n<\/tr>\n<tr>\n<td>Y165<\/td>\n<td width=\"73\">16<\/td>\n<td width=\"73\">105<\/td>\n<td width=\"73\">65<\/td>\n<td width=\"73\">2, 3 \u00f3 4<\/td>\n<td width=\"67\">10 a 35<\/td>\n<\/tr>\n<tr>\n<td>Y166<\/td>\n<td width=\"73\">16<\/td>\n<td width=\"73\">155<\/td>\n<td width=\"73\">80<\/td>\n<td width=\"73\">2, 3 \u00f3 4<\/td>\n<td width=\"67\">10 a 35<\/td>\n<\/tr>\n<tr>\n<td>Y167<\/td>\n<td width=\"73\">17<\/td>\n<td width=\"73\">105<\/td>\n<td width=\"73\">35<\/td>\n<td width=\"73\">2, 3 \u00f3 4<\/td>\n<td width=\"67\">10 a 35<\/td>\n<\/tr>\n<tr>\n<td>Y168<\/td>\n<td width=\"73\">17<\/td>\n<td width=\"73\">105<\/td>\n<td width=\"73\">65<\/td>\n<td width=\"73\">2, 3 \u00f3 4<\/td>\n<td width=\"67\">10 a 35<\/td>\n<\/tr>\n<tr>\n<td>Y169<\/td>\n<td width=\"73\">17<\/td>\n<td width=\"73\">155<\/td>\n<td width=\"73\">80<\/td>\n<td width=\"73\">2, 3 \u00f3 4<\/td>\n<td width=\"67\">10 a 35<\/td>\n<\/tr>\n<tr>\n<td>Y170<\/td>\n<td width=\"73\">18<\/td>\n<td width=\"73\">105<\/td>\n<td width=\"73\">35<\/td>\n<td width=\"73\">2, 3 \u00f3 4<\/td>\n<td width=\"67\">10 a 35<\/td>\n<\/tr>\n<tr>\n<td>Y171<\/td>\n<td width=\"73\">18<\/td>\n<td width=\"73\">105<\/td>\n<td width=\"73\">65<\/td>\n<td width=\"73\">2, 3 \u00f3 4<\/td>\n<td width=\"67\">10 a 35<\/td>\n<\/tr>\n<tr>\n<td>Y172<\/td>\n<td width=\"73\">18<\/td>\n<td width=\"73\">155<\/td>\n<td width=\"73\">80<\/td>\n<td width=\"73\">2, 3 \u00f3 4<\/td>\n<td width=\"67\">10 a 35<\/td>\n<\/tr>\n<tr>\n<td>Y173<\/td>\n<td width=\"73\">19<\/td>\n<td width=\"73\">105<\/td>\n<td width=\"73\">35<\/td>\n<td width=\"73\">2, 3 \u00f3 4<\/td>\n<td width=\"67\">10 a 35<\/td>\n<\/tr>\n<tr>\n<td>Y174<\/td>\n<td width=\"73\">19<\/td>\n<td width=\"73\">105<\/td>\n<td width=\"73\">65<\/td>\n<td width=\"73\">2, 3 \u00f3 4<\/td>\n<td width=\"67\">10 a 35<\/td>\n<\/tr>\n<tr>\n<td>Y175<\/td>\n<td width=\"73\">19<\/td>\n<td width=\"73\">155<\/td>\n<td width=\"73\">80<\/td>\n<td width=\"73\">2, 3 \u00f3 4<\/td>\n<td width=\"67\">10 a 35<\/td>\n<\/tr>\n<tr>\n<td>Y176<\/td>\n<td width=\"73\">20<\/td>\n<td width=\"73\">105<\/td>\n<td width=\"73\">40<\/td>\n<td width=\"73\">2, 4 \u00f3 6<\/td>\n<td width=\"67\">10 a 35<\/td>\n<\/tr>\n<tr>\n<td>Y177<\/td>\n<td width=\"73\">20<\/td>\n<td width=\"73\">105<\/td>\n<td width=\"73\">65<\/td>\n<td width=\"73\">2, 4 \u00f3 6<\/td>\n<td width=\"67\">10 a 35<\/td>\n<\/tr>\n<tr>\n<td>Y178<\/td>\n<td width=\"73\">20<\/td>\n<td width=\"73\">155<\/td>\n<td width=\"73\">85<\/td>\n<td width=\"73\">2, 4 \u00f3 6<\/td>\n<td width=\"67\">10 a 35<\/td>\n<\/tr>\n<tr>\n<td>Y179<\/td>\n<td width=\"73\">21<\/td>\n<td width=\"73\">105<\/td>\n<td width=\"73\">40<\/td>\n<td width=\"73\">2, 4 \u00f3 6<\/td>\n<td width=\"67\">15 a 40<\/td>\n<\/tr>\n<tr>\n<td>Y180<\/td>\n<td width=\"73\">21<\/td>\n<td width=\"73\">105<\/td>\n<td width=\"73\">65<\/td>\n<td width=\"73\">2, 4 \u00f3 6<\/td>\n<td width=\"67\">15 a 40<\/td>\n<\/tr>\n<tr>\n<td>Y181<\/td>\n<td width=\"73\">21<\/td>\n<td width=\"73\">155<\/td>\n<td width=\"73\">85<\/td>\n<td width=\"73\">2, 4 \u00f3 6<\/td>\n<td width=\"67\">15 a 40<\/td>\n<\/tr>\n<tr>\n<td>Y182<\/td>\n<td width=\"73\">22<\/td>\n<td width=\"73\">105<\/td>\n<td width=\"73\">40<\/td>\n<td width=\"73\">2, 4 \u00f3 6<\/td>\n<td width=\"67\">15 a 40<\/td>\n<\/tr>\n<tr>\n<td>Y183<\/td>\n<td width=\"73\">22<\/td>\n<td width=\"73\">105<\/td>\n<td width=\"73\">65<\/td>\n<td width=\"73\">2, 4 \u00f3 6<\/td>\n<td width=\"67\">15 a 40<\/td>\n<\/tr>\n<tr>\n<td>Y184<\/td>\n<td width=\"73\">22<\/td>\n<td width=\"73\">155<\/td>\n<td width=\"73\">85<\/td>\n<td width=\"73\">2, 4 \u00f3 6<\/td>\n<td width=\"67\">15 a 40<\/td>\n<\/tr>\n<tr>\n<td>Y185<\/td>\n<td width=\"73\">23<\/td>\n<td width=\"73\">105<\/td>\n<td width=\"73\">40<\/td>\n<td width=\"73\">2, 4 \u00f3 6<\/td>\n<td width=\"67\">15 a 40<\/td>\n<\/tr>\n<tr>\n<td>Y186<\/td>\n<td width=\"73\">23<\/td>\n<td width=\"73\">105<\/td>\n<td width=\"73\">65<\/td>\n<td width=\"73\">2, 4 \u00f3 6<\/td>\n<td width=\"67\">15 a 40<\/td>\n<\/tr>\n<tr>\n<td>Y187<\/td>\n<td width=\"73\">23<\/td>\n<td width=\"73\">155<\/td>\n<td width=\"73\">85<\/td>\n<td width=\"73\">2, 4 \u00f3 6<\/td>\n<td width=\"67\">15 a 40<\/td>\n<\/tr>\n<tr>\n<td>Y188<\/td>\n<td width=\"73\">24<\/td>\n<td width=\"73\">105<\/td>\n<td width=\"73\">45<\/td>\n<td width=\"73\">4 \u00f3 6<\/td>\n<td width=\"67\">15 a 40<\/td>\n<\/tr>\n<tr>\n<td>Y189<\/td>\n<td width=\"73\">24<\/td>\n<td width=\"73\">105<\/td>\n<td width=\"73\">70<\/td>\n<td width=\"73\">4 \u00f3 6<\/td>\n<td width=\"67\">15 a 40<\/td>\n<\/tr>\n<tr>\n<td>Y190<\/td>\n<td width=\"73\">24<\/td>\n<td width=\"73\">105<\/td>\n<td width=\"73\">90<\/td>\n<td width=\"73\">4 \u00f3 6<\/td>\n<td width=\"67\">15 a 40<\/td>\n<\/tr>\n<\/tbody>\n<\/table>\n<p>TODAS LAS FRESAS LLEVAN CORTE AL CENTRO SI NO SE ESPECIFICA LO CONTRARIO<\/p>\n<table width=\"95%\">\n<tbody>\n<tr>\n<td><\/td>\n<\/tr>\n<tr>\n<td><\/td>\n<\/tr>\n<\/tbody>\n<\/table>\n<\/td>\n<\/tr>\n<\/tbody>\n<\/table>\n","protected":false},"excerpt":{"rendered":"<p>FRESAS FRONTALES DE WIDIA CON GEOMETR\u00cdA ESPECIAL PARA LA MADERA Caracter\u00edsticas de de nuestras fresas especiales para madera: &#8211; Mayor \u00e1ngulo axial &#8211; M\u00e1s grados de frente, de periferia y de canal &#8211; Mayores longitudes de corte* &#8211;\u00a0Posibilidad de poco \u00e1ngulo de h\u00e9lice * Con longitudes largas y sobre todo de di\u00e1metros peque\u00f1os, hay que [&hellip;]<\/p>\n","protected":false},"featured_media":541,"comment_status":"open","ping_status":"closed","template":"","meta":[],"product_cat":[49],"product_tag":[],"_links":{"self":[{"href":"https:\/\/aficorte.com\/index.php?rest_route=\/wp\/v2\/product\/542"}],"collection":[{"href":"https:\/\/aficorte.com\/index.php?rest_route=\/wp\/v2\/product"}],"about":[{"href":"https:\/\/aficorte.com\/index.php?rest_route=\/wp\/v2\/types\/product"}],"replies":[{"embeddable":true,"href":"https:\/\/aficorte.com\/index.php?rest_route=%2Fwp%2Fv2%2Fcomments&post=542"}],"wp:featuredmedia":[{"embeddable":true,"href":"https:\/\/aficorte.com\/index.php?rest_route=\/wp\/v2\/media\/541"}],"wp:attachment":[{"href":"https:\/\/aficorte.com\/index.php?rest_route=%2Fwp%2Fv2%2Fmedia&parent=542"}],"wp:term":[{"taxonomy":"product_cat","embeddable":true,"href":"https:\/\/aficorte.com\/index.php?rest_route=%2Fwp%2Fv2%2Fproduct_cat&post=542"},{"taxonomy":"product_tag","embeddable":true,"href":"https:\/\/aficorte.com\/index.php?rest_route=%2Fwp%2Fv2%2Fproduct_tag&post=542"}],"curies":[{"name":"wp","href":"https:\/\/api.w.org\/{rel}","templated":true}]}}