{"id":535,"date":"2015-03-11T20:25:37","date_gmt":"2015-03-11T20:25:37","guid":{"rendered":"http:\/\/aficorte.com\/?post_type=product&#038;p=535"},"modified":"2015-03-17T09:31:37","modified_gmt":"2015-03-17T09:31:37","slug":"muelas","status":"publish","type":"product","link":"https:\/\/aficorte.com\/?product=muelas","title":{"rendered":"Muelas"},"content":{"rendered":"<p><strong>MUELAS PARA RECTIFICADORA:<\/strong><\/p>\n<p>Muelas para RECTIFICACION PLANA TANGENCIAL Y CILINDRICA EXTERIOR.<\/p>\n<p><strong>BLOQUES Y LIMAS:<\/strong><\/p>\n<p>Bloques y limas en todas las formas y medidas.<\/p>\n<p><strong>MUELAS DE FORMA:<\/strong><\/p>\n<p>Muelas de forma COPA RECTA, CONICA Y DE PLATO para el RECTIFICADO Y AFILADO de herramientas diversas.<\/p>\n<p><strong>MUELAS MONTADAS:<\/strong><\/p>\n<p>Muelas montadas sobre v\u00e1stago, en aglomerante cer\u00e1mico, resinoides y caucho y tambi\u00e9n en fieltro.<\/p>\n<p><strong>SEGMENTOS:<\/strong><\/p>\n<p>Segmentos en todas las formas, cer\u00e1micos, resinoides y pol\u00edmeros, para DESBASTE, ACABADO Y SUPERACABADO.<\/p>\n","protected":false},"excerpt":{"rendered":"<p>MUELAS PARA RECTIFICADORA: Muelas para RECTIFICACION PLANA TANGENCIAL Y CILINDRICA EXTERIOR. BLOQUES Y LIMAS: Bloques y limas en todas las formas y medidas. MUELAS DE FORMA: Muelas de forma COPA RECTA, CONICA Y DE PLATO para el RECTIFICADO Y AFILADO de herramientas diversas. MUELAS MONTADAS: Muelas montadas sobre v\u00e1stago, en aglomerante cer\u00e1mico, resinoides y caucho [&hellip;]<\/p>\n","protected":false},"featured_media":495,"comment_status":"open","ping_status":"closed","template":"","meta":[],"product_cat":[48],"product_tag":[],"_links":{"self":[{"href":"https:\/\/aficorte.com\/index.php?rest_route=\/wp\/v2\/product\/535"}],"collection":[{"href":"https:\/\/aficorte.com\/index.php?rest_route=\/wp\/v2\/product"}],"about":[{"href":"https:\/\/aficorte.com\/index.php?rest_route=\/wp\/v2\/types\/product"}],"replies":[{"embeddable":true,"href":"https:\/\/aficorte.com\/index.php?rest_route=%2Fwp%2Fv2%2Fcomments&post=535"}],"wp:featuredmedia":[{"embeddable":true,"href":"https:\/\/aficorte.com\/index.php?rest_route=\/wp\/v2\/media\/495"}],"wp:attachment":[{"href":"https:\/\/aficorte.com\/index.php?rest_route=%2Fwp%2Fv2%2Fmedia&parent=535"}],"wp:term":[{"taxonomy":"product_cat","embeddable":true,"href":"https:\/\/aficorte.com\/index.php?rest_route=%2Fwp%2Fv2%2Fproduct_cat&post=535"},{"taxonomy":"product_tag","embeddable":true,"href":"https:\/\/aficorte.com\/index.php?rest_route=%2Fwp%2Fv2%2Fproduct_tag&post=535"}],"curies":[{"name":"wp","href":"https:\/\/api.w.org\/{rel}","templated":true}]}}