{"id":527,"date":"2015-03-11T20:04:05","date_gmt":"2015-03-11T20:04:05","guid":{"rendered":"http:\/\/aficorte.com\/?post_type=product&#038;p=527"},"modified":"2015-03-17T09:28:21","modified_gmt":"2015-03-17T09:28:21","slug":"listones-y-regletas","status":"publish","type":"product","link":"https:\/\/aficorte.com\/?product=listones-y-regletas","title":{"rendered":"Listones y regletas"},"content":{"rendered":"<p>\u201cCuadradillos\u201d para guillotina. Para todas las marcas y modelos del mercado en general.<\/p>\n<p>Una buena impresi\u00f3n o un libro bien encuadernado requiere un corte perfecto que se lograr\u00e1 con una buena cuchilla, bien afilada y un list\u00f3n de calidad.<\/p>\n<p>Las Regletas de Polipropileno para taladradora, son las m\u00e1s adecuadas para que su cuchilla descanse y dure m\u00e1s.<\/p>\n<p>*LISTONES PARA GUILLOTINA.<\/p>\n<p>*LISTONES PARA TRILATERAL.<\/p>\n<p>*REGLETAS PARA TALADRADORA.<\/p>\n<p><strong>\u00a1\u00a1 Guarde el filo de su cuchilla con un buen list\u00f3n!!<\/strong><\/p>\n","protected":false},"excerpt":{"rendered":"<p>\u201cCuadradillos\u201d para guillotina. Para todas las marcas y modelos del mercado en general. Una buena impresi\u00f3n o un libro bien encuadernado requiere un corte perfecto que se lograr\u00e1 con una buena cuchilla, bien afilada y un list\u00f3n de calidad. Las Regletas de Polipropileno para taladradora, son las m\u00e1s adecuadas para que su cuchilla descanse y [&hellip;]<\/p>\n","protected":false},"featured_media":499,"comment_status":"open","ping_status":"closed","template":"","meta":[],"product_cat":[50],"product_tag":[],"_links":{"self":[{"href":"https:\/\/aficorte.com\/index.php?rest_route=\/wp\/v2\/product\/527"}],"collection":[{"href":"https:\/\/aficorte.com\/index.php?rest_route=\/wp\/v2\/product"}],"about":[{"href":"https:\/\/aficorte.com\/index.php?rest_route=\/wp\/v2\/types\/product"}],"replies":[{"embeddable":true,"href":"https:\/\/aficorte.com\/index.php?rest_route=%2Fwp%2Fv2%2Fcomments&post=527"}],"wp:featuredmedia":[{"embeddable":true,"href":"https:\/\/aficorte.com\/index.php?rest_route=\/wp\/v2\/media\/499"}],"wp:attachment":[{"href":"https:\/\/aficorte.com\/index.php?rest_route=%2Fwp%2Fv2%2Fmedia&parent=527"}],"wp:term":[{"taxonomy":"product_cat","embeddable":true,"href":"https:\/\/aficorte.com\/index.php?rest_route=%2Fwp%2Fv2%2Fproduct_cat&post=527"},{"taxonomy":"product_tag","embeddable":true,"href":"https:\/\/aficorte.com\/index.php?rest_route=%2Fwp%2Fv2%2Fproduct_tag&post=527"}],"curies":[{"name":"wp","href":"https:\/\/api.w.org\/{rel}","templated":true}]}}