{"id":524,"date":"2015-03-11T19:51:31","date_gmt":"2015-03-11T19:51:31","guid":{"rendered":"http:\/\/aficorte.com\/?post_type=product&#038;p=524"},"modified":"2015-03-18T20:03:52","modified_gmt":"2015-03-18T20:03:52","slug":"hoja-de-sierra-de-cinta-de-metal-duro","status":"publish","type":"product","link":"https:\/\/aficorte.com\/?product=hoja-de-sierra-de-cinta-de-metal-duro","title":{"rendered":"Hoja de sierra de cinta de metal duro"},"content":{"rendered":"<ul>\n<li>Para materiales de construcci\u00f3n.<\/li>\n<li>Para Grafito.<\/li>\n<li>Para fundici\u00f3n de hierro gris arenado.<\/li>\n<li>Para el mecanizado de aceros y metales no-ferrosos.<\/li>\n<li>Para Circonio y Molibdeno.<\/li>\n<li>Para aleaci\u00f3n de Titanio.<\/li>\n<li>Para Aceros endurecidos y Templados.<\/li>\n<li>Para trabajos en fr\u00edo y en caliente.<\/li>\n<\/ul>\n","protected":false},"excerpt":{"rendered":"<p>Para materiales de construcci\u00f3n. Para Grafito. Para fundici\u00f3n de hierro gris arenado. Para el mecanizado de aceros y metales no-ferrosos. Para Circonio y Molibdeno. Para aleaci\u00f3n de Titanio. Para Aceros endurecidos y Templados. Para trabajos en fr\u00edo y en caliente.<\/p>\n","protected":false},"featured_media":594,"comment_status":"open","ping_status":"closed","template":"","meta":[],"product_cat":[16],"product_tag":[],"_links":{"self":[{"href":"https:\/\/aficorte.com\/index.php?rest_route=\/wp\/v2\/product\/524"}],"collection":[{"href":"https:\/\/aficorte.com\/index.php?rest_route=\/wp\/v2\/product"}],"about":[{"href":"https:\/\/aficorte.com\/index.php?rest_route=\/wp\/v2\/types\/product"}],"replies":[{"embeddable":true,"href":"https:\/\/aficorte.com\/index.php?rest_route=%2Fwp%2Fv2%2Fcomments&post=524"}],"wp:featuredmedia":[{"embeddable":true,"href":"https:\/\/aficorte.com\/index.php?rest_route=\/wp\/v2\/media\/594"}],"wp:attachment":[{"href":"https:\/\/aficorte.com\/index.php?rest_route=%2Fwp%2Fv2%2Fmedia&parent=524"}],"wp:term":[{"taxonomy":"product_cat","embeddable":true,"href":"https:\/\/aficorte.com\/index.php?rest_route=%2Fwp%2Fv2%2Fproduct_cat&post=524"},{"taxonomy":"product_tag","embeddable":true,"href":"https:\/\/aficorte.com\/index.php?rest_route=%2Fwp%2Fv2%2Fproduct_tag&post=524"}],"curies":[{"name":"wp","href":"https:\/\/api.w.org\/{rel}","templated":true}]}}