{"id":471,"date":"2015-03-09T08:54:27","date_gmt":"2015-03-09T08:54:27","guid":{"rendered":"http:\/\/aficorte.com\/?post_type=product&#038;p=471"},"modified":"2015-04-08T08:08:43","modified_gmt":"2015-04-08T08:08:43","slug":"cuchillas-2","status":"publish","type":"product","link":"https:\/\/aficorte.com\/?product=cuchillas-2","title":{"rendered":"Cuchillas rectas y circulares especiales"},"content":{"rendered":"<p><strong>FABRICACION BAJO PLANO, de todo tipo de cuchillas industriales en diferentes tama\u00f1os (peque\u00f1as, medianas o de grandes dimensiones) y formas (rectas, curvas, circulares\u2026.)<\/strong><\/p>\n<p><strong><span style=\"text-decoration: underline;\">CUCHILLAS CIRCULARES: <\/span><\/strong>Especiales para el corte de goma, cuero, cart\u00f3n, materiales aislantes, pl\u00e1sticos, aceros, materiales no f\u00e9rreos\u2026..<\/p>\n<p><strong><span style=\"text-decoration: underline;\">CUCHILLAS BOBINADORAS: <\/span><\/strong>Cuchillas c\u00f3ncavas y contracuchillas para bobinadoras, corte de papel, cart\u00f3n, film de pl\u00e1stico y hojas de metal.<\/p>\n<p><strong><span style=\"text-decoration: underline;\">CUCHILLAS ALIMENTACION: <\/span><\/strong> Cuchillas y Sierras de <strong>ACERO INOXIDABLE TEMPLADO<\/strong> con gran tenacidad y resistencia al corte.<\/p>\n<p><strong><span style=\"text-decoration: underline;\">CUCHILLAS DENTADAS: <\/span><\/strong>Para el corte de pl\u00e1stico. Podemos suministrar diferentes formas, \u00e1ngulos y paso entre dientes ajust\u00e1ndolo a la m\u00e1quina a emplear y para el trabajo que se vaya a emplear.<\/p>\n<p><strong>Para: <\/strong><\/p>\n<ul>\n<li>La industria de elaboraci\u00f3n y transformaci\u00f3n de metales.<\/li>\n<li>La industria del papel.<\/li>\n<li>La industria de la madera.<\/li>\n<li>La industria agr\u00edcola.<\/li>\n<li>La industria del pl\u00e1stico y goma.<\/li>\n<li>Las industria de artes graficas.<\/li>\n<li>La industria alimentaria.<\/li>\n<li>La industria de materiales aislantes.<\/li>\n<li>Materiales no-f\u00e9rreos.<\/li>\n<\/ul>\n<p><strong>\u00a0<\/strong><\/p>\n<p style=\"text-align: center;\"><span style=\"color: #ff0000;\"><strong>AFILAMOS TODO TIPO DE CUCHILLAS<\/strong><\/span><\/p>\n","protected":false},"excerpt":{"rendered":"<p>FABRICACION BAJO PLANO, de todo tipo de cuchillas industriales en diferentes tama\u00f1os (peque\u00f1as, medianas o de grandes dimensiones) y formas (rectas, curvas, circulares\u2026.) CUCHILLAS CIRCULARES: Especiales para el corte de goma, cuero, cart\u00f3n, materiales aislantes, pl\u00e1sticos, aceros, materiales no f\u00e9rreos\u2026.. CUCHILLAS BOBINADORAS: Cuchillas c\u00f3ncavas y contracuchillas para bobinadoras, corte de papel, cart\u00f3n, film de pl\u00e1stico [&hellip;]<\/p>\n","protected":false},"featured_media":470,"comment_status":"open","ping_status":"closed","template":"","meta":[],"product_cat":[18],"product_tag":[],"_links":{"self":[{"href":"https:\/\/aficorte.com\/index.php?rest_route=\/wp\/v2\/product\/471"}],"collection":[{"href":"https:\/\/aficorte.com\/index.php?rest_route=\/wp\/v2\/product"}],"about":[{"href":"https:\/\/aficorte.com\/index.php?rest_route=\/wp\/v2\/types\/product"}],"replies":[{"embeddable":true,"href":"https:\/\/aficorte.com\/index.php?rest_route=%2Fwp%2Fv2%2Fcomments&post=471"}],"wp:featuredmedia":[{"embeddable":true,"href":"https:\/\/aficorte.com\/index.php?rest_route=\/wp\/v2\/media\/470"}],"wp:attachment":[{"href":"https:\/\/aficorte.com\/index.php?rest_route=%2Fwp%2Fv2%2Fmedia&parent=471"}],"wp:term":[{"taxonomy":"product_cat","embeddable":true,"href":"https:\/\/aficorte.com\/index.php?rest_route=%2Fwp%2Fv2%2Fproduct_cat&post=471"},{"taxonomy":"product_tag","embeddable":true,"href":"https:\/\/aficorte.com\/index.php?rest_route=%2Fwp%2Fv2%2Fproduct_tag&post=471"}],"curies":[{"name":"wp","href":"https:\/\/api.w.org\/{rel}","templated":true}]}}